{"id":987840,"date":"2023-10-02T12:41:58","date_gmt":"2023-10-02T12:41:58","guid":{"rendered":"https:\/\/zenergize.ro\/info\/?page_id=987840"},"modified":"2023-10-02T12:41:59","modified_gmt":"2023-10-02T12:41:59","slug":"politica-de-utilizare-cookie-uri","status":"publish","type":"page","link":"https:\/\/zenergize.ro\/info\/politica-de-utilizare-cookie-uri\/","title":{"rendered":"Politica de utilizare cookie-uri"},"content":{"rendered":"\t\t<div data-elementor-type=\"wp-page\" data-elementor-id=\"987840\" class=\"elementor elementor-987840\" data-elementor-post-type=\"page\">\n\t\t\t\t\t\t\t\t\t<section class=\"elementor-section elementor-top-section elementor-element elementor-element-f4e3be9 elementor-section-content-bottom elementor-section-height-min-height elementor-section-items-stretch elementor-section-boxed elementor-section-height-default\" data-id=\"f4e3be9\" data-element_type=\"section\" data-settings=\"{&quot;background_background&quot;:&quot;classic&quot;,&quot;animation&quot;:&quot;none&quot;,&quot;shape_divider_bottom&quot;:&quot;mountains&quot;,&quot;shape_divider_top&quot;:&quot;mountains&quot;}\">\n\t\t\t\t\t\t\t<div class=\"elementor-background-overlay\"><\/div>\n\t\t\t\t\t\t<div class=\"elementor-shape elementor-shape-top\" data-negative=\"false\">\n\t\t\t<svg xmlns=\"http:\/\/www.w3.org\/2000\/svg\" viewBox=\"0 0 1000 100\" preserveAspectRatio=\"none\">\n\t<path class=\"elementor-shape-fill\" opacity=\"0.33\" d=\"M473,67.3c-203.9,88.3-263.1-34-320.3,0C66,119.1,0,59.7,0,59.7V0h1000v59.7 c0,0-62.1,26.1-94.9,29.3c-32.8,3.3-62.8-12.3-75.8-22.1C806,49.6,745.3,8.7,694.9,4.7S492.4,59,473,67.3z\"\/>\n\t<path class=\"elementor-shape-fill\" opacity=\"0.66\" d=\"M734,67.3c-45.5,0-77.2-23.2-129.1-39.1c-28.6-8.7-150.3-10.1-254,39.1 s-91.7-34.4-149.2,0C115.7,118.3,0,39.8,0,39.8V0h1000v36.5c0,0-28.2-18.5-92.1-18.5C810.2,18.1,775.7,67.3,734,67.3z\"\/>\n\t<path class=\"elementor-shape-fill\" d=\"M766.1,28.9c-200-57.5-266,65.5-395.1,19.5C242,1.8,242,5.4,184.8,20.6C128,35.8,132.3,44.9,89.9,52.5C28.6,63.7,0,0,0,0 h1000c0,0-9.9,40.9-83.6,48.1S829.6,47,766.1,28.9z\"\/>\n<\/svg>\t\t<\/div>\n\t\t\t\t<div class=\"elementor-shape elementor-shape-bottom\" data-negative=\"false\">\n\t\t\t<svg xmlns=\"http:\/\/www.w3.org\/2000\/svg\" viewBox=\"0 0 1000 100\" preserveAspectRatio=\"none\">\n\t<path class=\"elementor-shape-fill\" opacity=\"0.33\" d=\"M473,67.3c-203.9,88.3-263.1-34-320.3,0C66,119.1,0,59.7,0,59.7V0h1000v59.7 c0,0-62.1,26.1-94.9,29.3c-32.8,3.3-62.8-12.3-75.8-22.1C806,49.6,745.3,8.7,694.9,4.7S492.4,59,473,67.3z\"\/>\n\t<path class=\"elementor-shape-fill\" opacity=\"0.66\" d=\"M734,67.3c-45.5,0-77.2-23.2-129.1-39.1c-28.6-8.7-150.3-10.1-254,39.1 s-91.7-34.4-149.2,0C115.7,118.3,0,39.8,0,39.8V0h1000v36.5c0,0-28.2-18.5-92.1-18.5C810.2,18.1,775.7,67.3,734,67.3z\"\/>\n\t<path class=\"elementor-shape-fill\" d=\"M766.1,28.9c-200-57.5-266,65.5-395.1,19.5C242,1.8,242,5.4,184.8,20.6C128,35.8,132.3,44.9,89.9,52.5C28.6,63.7,0,0,0,0 h1000c0,0-9.9,40.9-83.6,48.1S829.6,47,766.1,28.9z\"\/>\n<\/svg>\t\t<\/div>\n\t\t\t\t\t<div class=\"elementor-container elementor-column-gap-default\">\n\t\t\t\t\t<div class=\"elementor-column elementor-col-50 elementor-top-column elementor-element elementor-element-2961cef\" data-id=\"2961cef\" data-element_type=\"column\">\n\t\t\t<div class=\"elementor-widget-wrap elementor-element-populated\">\n\t\t\t\t\t\t\t\t<div class=\"elementor-element elementor-element-006139d animated-fast elementor-invisible elementor-widget elementor-widget-text-editor\" data-id=\"006139d\" data-element_type=\"widget\" data-settings=\"{&quot;_animation&quot;:&quot;fadeIn&quot;,&quot;_animation_delay&quot;:200}\" data-widget_type=\"text-editor.default\">\n\t\t\t\t<div class=\"elementor-widget-container\">\n\t\t\t<style>\/*! elementor - v3.16.0 - 09-10-2023 *\/\n.elementor-widget-text-editor.elementor-drop-cap-view-stacked .elementor-drop-cap{background-color:#69727d;color:#fff}.elementor-widget-text-editor.elementor-drop-cap-view-framed .elementor-drop-cap{color:#69727d;border:3px solid;background-color:transparent}.elementor-widget-text-editor:not(.elementor-drop-cap-view-default) .elementor-drop-cap{margin-top:8px}.elementor-widget-text-editor:not(.elementor-drop-cap-view-default) .elementor-drop-cap-letter{width:1em;height:1em}.elementor-widget-text-editor .elementor-drop-cap{float:left;text-align:center;line-height:1;font-size:50px}.elementor-widget-text-editor .elementor-drop-cap-letter{display:inline-block}<\/style>\t\t\t\t\t\t\t\t\t\t<\/div>\n\t\t\t\t<\/div>\n\t\t\t\t\t<\/div>\n\t\t<\/div>\n\t\t\t\t<div class=\"elementor-column elementor-col-50 elementor-top-column elementor-element elementor-element-4ba4bf1 elementor-hidden-phone\" data-id=\"4ba4bf1\" data-element_type=\"column\">\n\t\t\t<div class=\"elementor-widget-wrap elementor-element-populated\">\n\t\t\t\t\t\t\t\t<div class=\"elementor-element elementor-element-38cfdce animated-fast elementor-invisible elementor-widget elementor-widget-image\" data-id=\"38cfdce\" data-element_type=\"widget\" data-settings=\"{&quot;_animation&quot;:&quot;bounceInUp&quot;,&quot;motion_fx_scale_effect&quot;:&quot;yes&quot;,&quot;motion_fx_scale_direction&quot;:&quot;in-out&quot;,&quot;motion_fx_scale_range&quot;:{&quot;unit&quot;:&quot;%&quot;,&quot;size&quot;:&quot;&quot;,&quot;sizes&quot;:{&quot;start&quot;:50,&quot;end&quot;:100}},&quot;motion_fx_motion_fx_scrolling&quot;:&quot;yes&quot;,&quot;motion_fx_scale_speed&quot;:{&quot;unit&quot;:&quot;px&quot;,&quot;size&quot;:6,&quot;sizes&quot;:[]},&quot;motion_fx_devices&quot;:[&quot;desktop&quot;]}\" data-widget_type=\"image.default\">\n\t\t\t\t<div class=\"elementor-widget-container\">\n\t\t\t<style>\/*! elementor - v3.16.0 - 09-10-2023 *\/\n.elementor-widget-image{text-align:center}.elementor-widget-image a{display:inline-block}.elementor-widget-image a img[src$=\".svg\"]{width:48px}.elementor-widget-image img{vertical-align:middle;display:inline-block}<\/style>\t\t\t\t\t\t\t\t\t\t\t\t<img loading=\"lazy\" decoding=\"async\" width=\"157\" height=\"145\" src=\"https:\/\/zenergize.ro\/info\/wp-content\/uploads\/2019\/11\/fox-color.svg\" class=\"attachment-large size-large wp-image-405\" alt=\"\" \/>\t\t\t\t\t\t\t\t\t\t\t\t\t\t\t<\/div>\n\t\t\t\t<\/div>\n\t\t\t\t\t<\/div>\n\t\t<\/div>\n\t\t\t\t\t\t\t<\/div>\n\t\t<\/section>\n\t\t\t\t<section class=\"elementor-section elementor-top-section elementor-element elementor-element-beafbf7 elementor-section-boxed elementor-section-height-default elementor-section-height-default\" data-id=\"beafbf7\" data-element_type=\"section\" id=\"read\" data-settings=\"{&quot;shape_divider_top&quot;:&quot;mountains&quot;}\">\n\t\t\t\t\t<div class=\"elementor-shape elementor-shape-top\" data-negative=\"false\">\n\t\t\t<svg xmlns=\"http:\/\/www.w3.org\/2000\/svg\" viewBox=\"0 0 1000 100\" preserveAspectRatio=\"none\">\n\t<path class=\"elementor-shape-fill\" opacity=\"0.33\" d=\"M473,67.3c-203.9,88.3-263.1-34-320.3,0C66,119.1,0,59.7,0,59.7V0h1000v59.7 c0,0-62.1,26.1-94.9,29.3c-32.8,3.3-62.8-12.3-75.8-22.1C806,49.6,745.3,8.7,694.9,4.7S492.4,59,473,67.3z\"\/>\n\t<path class=\"elementor-shape-fill\" opacity=\"0.66\" d=\"M734,67.3c-45.5,0-77.2-23.2-129.1-39.1c-28.6-8.7-150.3-10.1-254,39.1 s-91.7-34.4-149.2,0C115.7,118.3,0,39.8,0,39.8V0h1000v36.5c0,0-28.2-18.5-92.1-18.5C810.2,18.1,775.7,67.3,734,67.3z\"\/>\n\t<path class=\"elementor-shape-fill\" d=\"M766.1,28.9c-200-57.5-266,65.5-395.1,19.5C242,1.8,242,5.4,184.8,20.6C128,35.8,132.3,44.9,89.9,52.5C28.6,63.7,0,0,0,0 h1000c0,0-9.9,40.9-83.6,48.1S829.6,47,766.1,28.9z\"\/>\n<\/svg>\t\t<\/div>\n\t\t\t\t\t<div class=\"elementor-container elementor-column-gap-default\">\n\t\t\t\t\t<div class=\"elementor-column elementor-col-100 elementor-top-column elementor-element elementor-element-904e07f\" data-id=\"904e07f\" data-element_type=\"column\">\n\t\t\t<div class=\"elementor-widget-wrap elementor-element-populated\">\n\t\t\t\t\t\t\t\t<div class=\"elementor-element elementor-element-65d7e29 elementor-widget elementor-widget-text-editor\" data-id=\"65d7e29\" data-element_type=\"widget\" data-widget_type=\"text-editor.default\">\n\t\t\t\t<div class=\"elementor-widget-container\">\n\t\t\t\t\t\t\t<ol>\n<li>Ce sunt \u201ecookies\u201d?<\/li>\n<\/ol>\n<p>Un \u201ecookie\u201d este un mic fi\u0219ier, de regul\u0103 criptat, locat \u00een dosarele navigatorului web pe care dvs. \u00eel folosi\u021bi. \u201eCookie\u201d-urile sunt create de c\u0103tre produc\u0103torii de con\u021binut on-line pentru utilizatorii site-urilor \u00een scopul de a-i ajuta pe ace\u0219tia s\u0103 navigheze pe internet \u00eentr-un mod mai eficient \u0219i pentru a acorda accesul la anumite func\u021bii.<\/p>\n<p>Aceste fi\u0219iere&nbsp;<strong><u>nu sunt viru\u0219i<\/u><\/strong>. Cum aceste fi\u0219iere nu con\u021bin coduri, ele nu pot fi executate \u0219i nici nu pot accesa alte fi\u0219iere sau dosare din calculatorul dvs. \u00cen condi\u021biile \u00een care ele stocheaz\u0103 informa\u021bii despre navigarea pe internet a unui utilizator, at\u00e2t adrese specifice c\u00e2t \u0219i navigare printre diverse site-uri, \u201ecookie\u201d-urile pot fi folosite ca o form\u0103 de spyware. Programele antispyware, fiind con\u0219tien\u021bi de aceast\u0103 posibil\u0103 problem\u0103, elimin\u0103 anumite \u201ecookie\u201d-uri \u00een urma controalelor de rutin\u0103.<\/p><p><br><\/p>\n<ol start=\"2\">\n<li>De ce folosim \u201ecookies\u201d?<\/li>\n<\/ol>\n<p>Utiliz\u0103m \u201ecookie\u201d-uri pentru a furniza utilizatorilor acestei pagini de internet o experien\u021b\u0103 mai bun\u0103 de navigare \u0219i servicii adaptate nevoilor \u0219i interesului acestora, pentru analize statistice cu privire la modul \u00een care este utilizat\u0103 pagina de internet, \u00een scopul \u00eembun\u0103t\u0103\u021birii site-ului. Cookieurile ne ajut\u0103 la:<\/p>\n<ul>\n<li>personalizarea anumitor setari precum: limba \u00een care este vizualizat un site, moneda \u00een care se exprima anumite preturi sau tarife, p\u0103strarea op\u021biunilor pentru diverse produse\/servicii<\/li>\n<li>ne ofer\u0103 un feedback valoros asupra modului cum este utilizat site-ul de c\u0103tre utilizatori, astfel \u00eenc\u00e2t s\u0103 \u00eel putem face \u0219i mai eficient \u0219i mai accesibile pentru utilizatori<\/li>\n<li>permit aplica\u021biilor multimedia sau de alt tip de pe alte site-uri s\u0103 fie incluse \u00eentr-un anumit site pentru a crea o experien\u021b\u0103 de navigare mai valoroas\u0103, mai util\u0103 \u0219i mai pl\u0103cut\u0103<\/li>\n<li>\u00eembunatatesc eficien\u021ba publicit\u0103\u021bii online<\/li>\n<\/ul>\n<p>Uneori, \u201ecookie\u201d-urile pot fi folosite pentru a \u021bine urma vizitelor dvs. pe pagini de internet ter\u021be.<\/p><p><br><\/p>\n<ol start=\"3\">\n<li>Ce fel de \u201ecookie\u201d-uri folosim?<\/li>\n<\/ol>\n<p>Din punct de vedere temporal al stoc\u0103rii folosim:<\/p>\n<ul>\n<li>\u201eCookie\u201d-uri fixe; acestea r\u0103m\u00e2n pe dispozitivul utilizatorului o perioad\u0103 determinat\u0103 de timp, specificat\u0103 \u00een \u201ecookie\u201d (de regul\u0103, 2 ani). Acestea sunt folosite de fiecare dat\u0103 c\u00e2nd utilizatorul viziteaz\u0103 adresa care a creat acel fi\u0219ier.<\/li>\n<li>\u201eCookie\u201d-uri de sesiune; aceste fi\u0219iere sunt temporare. Ele permit operatorilor site-ului web s\u0103 conecteze ac\u021biunile pe care un utilizator le \u00eentreprinde \u00een timpul unei sesiuni de navigare pe internet.<\/li>\n<\/ul>\n<p><\/p>\n<p>De asemenea, din punct de vedere al func\u021bionalit\u0103\u021bii, folosim patru tipuri diferite de \u201ecookie\u201d-uri:<\/p>\n<ul>\n<li>\u201eCookie\u201d-uri strict necesare; acestea sunt esen\u021biale pentru a putea naviga pe pagina de internet \u0219i pentru a-i folosi aplica\u021biile. \u00cen lipsa acestora, utilizatorii nu ar putea s\u0103 foloseasc\u0103 servicii de baz\u0103 precum crearea unui cont sau folosirea unui co\u0219 de cump\u0103r\u0103turi. Aceste fi\u0219iere nu colecteaz\u0103 informa\u021bii despre utilizatori care ar putea fi folosite \u00een scopuri de marketing sau urm\u0103rire a utilizatorului pe internet.<\/li>\n<li>\u201eCookie\u201d-uri de performan\u021b\u0103; acestea colecteaz\u0103 date statistice \u00een mod anonim referitor la modul de utilizare al paginii de internet. Ele nu con\u021bin informa\u021bii personale \u0219i sunt folosite pentru a \u00eembun\u0103t\u0103\u021bii experien\u021ba utilizatorului atunci c\u00e2nd navigheaz\u0103 pe pagina de internet.<\/li>\n<li>\u201eCookie\u201d-uri pentru func\u021bionalitate; prin intermediul lor, operatorul le permite utilizatorilor s\u0103 aleag\u0103 diferite op\u021biuni \u0219i caracteristici ale paginii web. Spre exemplu, unele \u201ecookie\u201d-uri de func\u021bionalitate sunt posibilitatea de a opta pentru memorarea parolei, preferin\u021bele de limb\u0103, regiune, posibilitatea de a furniza informa\u021bii personale precum loca\u021bia actual\u0103 sau date despre vremea sau traficul din loca\u021bia utilizatorului.<\/li>\n<li>\u201eCookie\u201d-uri publicitare \u0219i de targeting; folosite pentru a \u00eembunt\u0103\u021bi relevan\u021ba reclamelor care v\u0103 sunt livrate. Acestea pot, de asemenea, s\u0103 limiteze num\u0103rul de afi\u0219\u0103ri ale unei reclame considerate irelevante sau s\u0103 urm\u0103reasc\u0103 efectivitatea unei campanii publicitare prin men\u021binerea unei statistice referitoare la num\u0103rul de acces\u0103ri din partea utilizatorilor. De asemenea, o func\u021bie important\u0103 pe care unele dintre aceste \u201ecookie\u201d-uri o au este oferirea de securitate \u00een cazul tranzac\u021biilor online. \u00cen mod obi\u0219nuit, aceste \u201ecookie\u201d-uri sunt folosite de c\u0103tre ter\u021bi operatori, put\u00e2nd s\u0103 fac\u0103 o conexiune \u00eentre paginile web vizitate de utilizator, neav\u00e2nd \u00eens\u0103 posibilitatea s\u0103 identifice identitatea utilizatorului, \u00eentruc\u00e2t \u00eentre profilul dvs. online \u0219i datele prelucrate nu se face nici o conexiune.<\/li>\n<\/ul>\n<p>Avem \u201ecookie\u201d-uri ter\u021be pe site-ul nostru. Ter\u021bii, cum ar fi companiile de publicitate sau furnizorii de servicii externe, precum analiza traficului de internet, pot utiliza \u201ecookie\u201d-uri sau alte \u201eplug-in\u201d -uri similare pentru a colecta informa\u021bii despre vizita dvs. pe pagina noastre web.<\/p><p><br><\/p>\n<ol start=\"4\">\n<li>Cum pute\u021bi dezactiva \u201ecookie\u201d-urile?<\/li>\n<\/ol>\n<p>Pentru \u00eenceput ar trebui s\u0103 \u0219ti\u021bi c\u0103, odat\u0103 cu \u0219tergerea \u201ecookie\u201d-urilor, toate preferin\u021bele \u0219i set\u0103rile referitoare la pagina web vor fi \u0219terse. Asemenea, unele pagini web nu vor mai func\u021biona corespunz\u0103tor sau unele func\u021bii vor disp\u0103rea \u00een cazul elimin\u0103rii \u201ecookie\u201d-urilor.<\/p>\n<p><u>Nu recomand\u0103m, din aceste motive, optarea respingerii \u201ecookie\u201d-urilor atunci c\u00e2nd vizita\u021bi pagina noastr\u0103 web.<\/u>&nbsp;Cele mai multe browsere accept\u0103 \u201ecookie\u201d-urile \u00een mod automat, dar dvs. pute\u021bi schimba aceast\u0103 op\u021biune \u00een func\u021bie de browserul pe care \u00eel folosi\u021bi. Pentru a face asta, \u00een mod obi\u0219nuit, trebuie s\u0103 accesa\u021bi op\u021biunea \u201eset\u0103ri\u201d sau \u201epreferin\u021be\u201d a browserului. Pentru mai multe detalii pute\u021bi accesa unul dintre linkurile de mai jos:<\/p>\n<ul>\n<li>Opera:&nbsp;<a href=\"https:\/\/www.opera.com\/help\/tutorials\/security\/cookies\/\">https:\/\/www.opera.com\/help\/tutorials\/security\/cookies\/<\/a><\/li>\n<li>Firefox:&nbsp;<a href=\"https:\/\/support.mozilla.com\/en-US\/kb\/cookies-informationwebsites-store-on-your-computer?redirectlocale=enUS&amp;redirectslug=Cookies\">https:\/\/support.mozilla.com\/en-US\/kb\/cookies-informationwebsites-store-on-your-computer?redirectlocale=enUS&amp;redirectslug=Cookies<\/a><\/li>\n<li>Chrome:&nbsp;<a href=\"https:\/\/support.google.com\/chrome\/answer\/95647?hl=en\">https:\/\/support.google.com\/chrome\/answer\/95647?hl=en<\/a><\/li>\n<li>Safari:&nbsp;<a href=\"https:\/\/support.apple.com\/en-us\/HT201265\">https:\/\/support.apple.com\/en-us\/HT201265<\/a><\/li><\/ul><div><br><\/div><ol start=\"5\"><li>Securitate \u0219i probleme legate de confidentialitate<\/li>\n<\/ol>\n<p>Cookie-urile NU sunt viru\u0219i! Nu sunt alc\u0103tuite din buc\u0103\u021bi de cod a\u0219a c\u0103 nu pot fi executate nici nu pot auto-rula, nu se pot duplica sau replica pe alte re\u021bele pentru a se rula sau replica din nou.<\/p>\n<p>\u00cen general, browserele au integrate setari de confiden\u021bialitate care furnizeaz\u0103 diferite nivele de acceptare a cookie-rilor, perioada de valabilitate \u0219i \u0219tergere automat\u0103 dup\u0103 ce utilizatorul a vizitat un anumit site.<\/p>\n<p>Cookie-urile nu sunt periculoase, dar, pentru c\u0103 prin intermediul lor se transmit \u00een mod constant \u00een ambele sensuri informa\u021bii \u00eentre browser \u0219i website, dac\u0103 un atacator sau persoan\u0103 neautorizat\u0103 intervine \u00een parcursul de transmitere a datelor, informa\u021biile continu\u021be de cookie pot fi interceptate. Desi foarte rar, acest lucru se poate \u00eentampla dac\u0103 browserul se conecteaz\u0103 la server folosind o re\u021bea necriptat\u0103 (ex: o retea WiFi nesecurizata).<\/p>\n<p>Alte atacuri bazate pe cookie implic\u0103 set\u0103ri gre\u0219ite ale cookieurilor pe servere, care pot fi exploatate de c\u0103tre atacatori.<\/p><p><br><\/p>\n<p>Este important s\u0103 cunoa\u0219te\u021bi c\u0103 dezactivarea cookie-urilor nu va permite accesul utilizatorilor pe site-urile cele mai r\u0103sp\u00e2ndite \u0219i utilizate printre care Gmail, Yahoo, Youtube \u0219i altele. Exist\u0103 c\u00e2teva m\u0103suri de siguran\u021b\u0103 de baz\u0103 pe care le pute\u021bi adopta pentru a naviga \u00een siguran\u021b\u0103 cu ajutorul cookie-urilor.<\/p>\n<ul>\n<li>particulariza\u021bi-v\u0103 setarile browserului \u00een ceea ce priveste cookie-urile pentru a reflecta un nivel confortabil pentru voi al securit\u0103\u021bii utiliz\u0103rii cookie-urilor. Pute\u021bi seta termene lungi de expirare pentru stocarea istoricului de navigare \u0219i al datelor personale de acces.<\/li>\n<\/ul><div><br><\/div>\n<p>Dac\u0103 utiliza\u021bi calculatorul \u00eempreun\u0103 cu alte persoane, pute\u021bi seta browserul pentru a \u0219terge datele individuale de navigare de fiecare dat\u0103 c\u00e2nd \u00eenchide\u021bi browserul.<\/p>\n<ul>\n<li>instala\u021bi-v\u0103 \u0219i updatati-v\u0103 constant aplica\u021bii antispyware<\/li>\n<li>asigura\u021bi-v\u0103 c\u0103 ave\u021bi browserul mereu updatat; multe dintre atacurile bazate pe cookies se realizeaza exploatand punctele slabe ale versiunilor vechi ale browserelor.<\/li>\n<\/ul>\t\t\t\t\t\t<\/div>\n\t\t\t\t<\/div>\n\t\t\t\t\t<\/div>\n\t\t<\/div>\n\t\t\t\t\t\t\t<\/div>\n\t\t<\/section>\n\t\t\t\t\t\t\t<\/div>\n\t\t","protected":false},"excerpt":{"rendered":"<p>Ce sunt \u201ecookies\u201d? Un \u201ecookie\u201d este un mic fi\u0219ier, de regul\u0103 criptat, locat \u00een dosarele navigatorului web pe care dvs. \u00eel folosi\u021bi. \u201eCookie\u201d-urile sunt create de c\u0103tre produc\u0103torii de con\u021binut on-line pentru utilizatorii site-urilor \u00een scopul de a-i ajuta pe ace\u0219tia s\u0103 navigheze pe internet \u00eentr-un mod mai eficient \u0219i pentru a acorda accesul la&#8230;<\/p>\n","protected":false},"author":1,"featured_media":0,"parent":0,"menu_order":0,"comment_status":"closed","ping_status":"closed","template":"","meta":{"_themeisle_gutenberg_block_has_review":false,"footnotes":""},"class_list":["post-987840","page","type-page","status-publish","hentry"],"aioseo_notices":[],"_links":{"self":[{"href":"https:\/\/zenergize.ro\/info\/wp-json\/wp\/v2\/pages\/987840","targetHints":{"allow":["GET"]}}],"collection":[{"href":"https:\/\/zenergize.ro\/info\/wp-json\/wp\/v2\/pages"}],"about":[{"href":"https:\/\/zenergize.ro\/info\/wp-json\/wp\/v2\/types\/page"}],"author":[{"embeddable":true,"href":"https:\/\/zenergize.ro\/info\/wp-json\/wp\/v2\/users\/1"}],"replies":[{"embeddable":true,"href":"https:\/\/zenergize.ro\/info\/wp-json\/wp\/v2\/comments?post=987840"}],"version-history":[{"count":5,"href":"https:\/\/zenergize.ro\/info\/wp-json\/wp\/v2\/pages\/987840\/revisions"}],"predecessor-version":[{"id":988200,"href":"https:\/\/zenergize.ro\/info\/wp-json\/wp\/v2\/pages\/987840\/revisions\/988200"}],"wp:attachment":[{"href":"https:\/\/zenergize.ro\/info\/wp-json\/wp\/v2\/media?parent=987840"}],"curies":[{"name":"wp","href":"https:\/\/api.w.org\/{rel}","templated":true}]}}